{"id":987,"date":"2018-05-07T17:25:47","date_gmt":"2018-05-07T15:25:47","guid":{"rendered":"http:\/\/www.ig-t3.de\/?page_id=987"},"modified":"2019-05-11T22:49:38","modified_gmt":"2019-05-11T20:49:38","slug":"datenschutz","status":"publish","type":"page","link":"https:\/\/www.ig-t3.de\/?page_id=987","title":{"rendered":"Datenschutzerkl\u00e4rung"},"content":{"rendered":"<div class=\"entry-content\">\n<div class=\"editor-content\">\n<p>Der Schutz und die Sicherheit von pers\u00f6nlichen Daten hat bei uns eine hohe Priorit\u00e4t. Daher halten wir uns strikt an die Regeln des deutschen Bundesdatenschutzgesetzes (BDSG). Nachfolgend werden Sie dar\u00fcber informiert, welche Art von Daten erfasst und zu welchem Zwecke sie erhoben werden:<\/p>\n<h3>Daten\u00fcbermittlung \/ Datenprotokollierung<\/h3>\n<p>Beim Besuch unseres Internetauftritts verzeichnet der Web-Server automatisch Log-Files, die keiner bestimmten Person zugeordnet werden k\u00f6nnen. Diese Daten beinhalten die IP-Adresse Ihres Providers, Ihr Betriebssystem, Ihr Browser, Datum und Uhrzeit, und ggf. die Webseite, von der aus Sie zu unseren Webseiten gelangt sind. Diese Daten werden nur zum Zweck der statistischen Auswertung gesammelt. Eine Weitergabe an Dritte, zu kommerziellen oder nichtkommerziellen Zwecken, findet nicht statt.<\/p>\n<h3>Verarbeitung personenbezogener Daten<\/h3>\n<p>Es werden personenbezogene Daten nur dann erhoben, wenn Sie uns diese freiwillig, zum Beispiel im Zuge einer Kontaktanfrage oder einer Registrierung f\u00fcr personalisierte Dienste, mitteilen. Bei der Registrierung f\u00fcr personalisierte Dienste werden die von Ihnen \u00fcbermittelten personenbezogenen Daten nur unter der Voraussetzung Ihrer Einwilligung und zur bedarfsgerechten Gestaltung elektronischer Dienste verarbeitet. Zur reibungslosen Verarbeitung Ihrer Anfrage bzw. Ihres Antrages und f\u00fcr eventuell erforderliche Nachfragen ben\u00f6tigen wir einige Pflichtangaben zu Ihrer Person. Die erhobenen Daten werden in keinem Fall ohne Ihre Einwilligung an Dritte weitergegeben. Folgende Erhebung personenbezogener Daten werden auf unserem Internetauftritt durchgef\u00fchrt:<\/p>\n<p><span class=\"italic\">Seite \u201e<a href=\"https:\/\/www.ig-t3.de\/?page_id=965\">Anmeldung Treffen<\/a>\u201c <\/span><\/p>\n<p>Zur Planung und Durchf\u00fchrung des Jahrestreffens der IG-T3 ben\u00f6tigen wir mindestens folgende Angaben:<\/p>\n<ul class=\"list bullet-list\">\n<li>Anrede, Nachnahme, Vorname<\/li>\n<li>Firmenname<\/li>\n<li>Adresse (Stra\u00dfe, Hausnummer, Postleitzahl und Ort)<\/li>\n<li>E-Mail-Adresse<\/li>\n<li>Anreise<\/li>\n<li>Abreise<\/li>\n<li>optional:\n<ul>\n<li>Mitgliedsnummer<\/li>\n<li>Teilnehmerzahl<\/li>\n<\/ul>\n<\/li>\n<\/ul>\n<p>Eine weitere Nutzung der Daten f\u00fcr jegliche andere Zwecke ist ausgeschlossen. Alle erhobenen Daten werden sp\u00e4testens zwei Wochen nach Durchf\u00fchrung der Veranstaltung gel\u00f6scht.<\/p>\n<p><span class=\"italic\">Seite \u201e<a href=\"https:\/\/www.ig-t3.de\/?page_id=182\">Neuanmeldung<\/a>\u201c <\/span><\/p>\n<p>F\u00fcr eine ordentliche Mitgliederverwaltung werden mindestens folgende Angaben ben\u00f6tigt:<\/p>\n<ul class=\"list bullet-list\">\n<li>Anrede, Nachnahme, Vorname<\/li>\n<li>bei juristischen Personen: Firmenname<\/li>\n<li>Adresse (Stra\u00dfe, Hausnummer, Postleitzahl und Ort)<\/li>\n<li>E-Mail-Adresse<\/li>\n<li>Geburtsdatum<\/li>\n<li>Festnetz oder Mobilnummer<\/li>\n<\/ul>\n<p>Mit Ihrer Anmeldung als Mitglied willigen Sie ein, die oben genannten Angaben in das Mitgliederverzeichnis\u00a0 aufzunehmen und anderen Mitgliedern zur Verf\u00fcgung zu stellen (siehe auch Satzung, \u00a74, Absatz 3).<\/p>\n<p>S\u00e4mtliche personenbezogenen Daten werden nur solange gespeichert, wie dies f\u00fcr den genannten Zweck erforderlich ist. Hierbei werden steuer- und handelsrechtliche Aufbewahrungsfristen ber\u00fccksichtigt. Auf Anordnung der zust\u00e4ndigen Stellen d\u00fcrfen wir im Einzelfall Auskunft \u00fcber diese Daten (Bestandsdaten) erteilen, soweit dies f\u00fcr Zwecke der Strafverfolgung, zur Gefahrenabwehr, zur Erf\u00fcllung der gesetzlichen Aufgaben der Verfassungsschutzbeh\u00f6rden oder des Milit\u00e4rischen Abschirmdienstes oder zur Durchsetzung der Rechte am geistigen Eigentum erforderlich ist.<\/p>\n<h3>Auskunft, \u00c4nderung und L\u00f6schung Ihrer Daten<\/h3>\n<p>Gem\u00e4\u00df geltendem Recht k\u00f6nnen Sie jederzeit bei uns schriftlich nachfragen, ob und welche personenbezogenen Daten bei uns \u00fcber Sie gespeichert sind. Eine entsprechende Mitteilung hierzu erhalten Sie umgehend.<\/p>\n<p>Sie haben das jederzeitige Recht, Ihre Zustimmung zur Verwendung Ihrer angegeben pers\u00f6nlichen Daten mit Wirkung f\u00fcr die Zukunft zu widerrufen.<\/p>\n<h3>Sicherheit Ihrer Daten<\/h3>\n<p>Ihre uns zur Verf\u00fcgung gestellten pers\u00f6nlichen Daten werden durch Ergreifung aller technischen sowie organisatorischen Sicherheitsma\u00dfnahmen so gesichert, dass sie f\u00fcr den Zugriff unberechtigter Dritter unzug\u00e4nglich sind.<\/p>\n<p>Wir weisen darauf hin, dass die Daten\u00fcbertragung im Internet (z. B. bei der Kommunikation per E-Mail) Sicherheitsl\u00fccken aufweisen kann, auf die wir keinen Einfluss haben.<\/p>\n<h3>Cookies<\/h3>\n<p>Diese Webseite verwendet sogenannte Cookies. Das sind Textdateien, die vom Server aus auf Ihrem Rechner gespeichert werden. Sie enthalten Informationen zum Browser, zur IP-Adresse, dem Betriebssystem und zur Internetverbindung. Diese Daten werden von uns nicht an Dritte weitergegeben oder ohne ihre Zustimmung mit personenbezogenen Daten verkn\u00fcpft.<\/p>\n<p>Cookies erf\u00fcllen vor allem zwei Aufgaben. Sie helfen uns, Ihnen die Navigation durch unser Angebot zu erleichtern, und erm\u00f6glichen die korrekte Darstellung der Webseite. Sie werden nicht dazu genutzt, Viren einzuschleusen oder Programme zu starten.<\/p>\n<p>Nutzer haben die M\u00f6glichkeit, unser Angebot auch ohne Cookies aufzurufen. Dazu m\u00fcssen im Browser die entsprechenden Einstellungen ge\u00e4ndert werden. Informieren Sie sich bitte \u00fcber die Hilfsfunktion Ihres Browsers, wie Cookies deaktiviert werden. Wir weisen allerdings darauf hin, dass dadurch einige Funktionen dieser Webseite m\u00f6glicherweise beeintr\u00e4chtigt werden und der Nutzungskomfort eingeschr\u00e4nkt wird. Die Seiten http:\/\/www.aboutads.info\/choices\/ (USA) und http:\/\/www.youronlinechoices.com\/uk\/your-ad-choices\/ (Europa) erlauben es Ihnen, Online-Anzeigen-Cookies zu verwalten.<\/p>\n<h3>Google Analytics und Opentracker.net<\/h3>\n<p>Diese Website benutzt Google Analytics (Google Inc.) und opentracker.net. Beide Systeme verwenden sog. \u201eCookies\u201c, Textdateien, die auf Ihrem Computer gespeichert werden und die eine Analyse der Benutzung der Website\u00a0 erm\u00f6glicht. Die durch den Cookie erzeugten Informationen \u00fcber die Benutzung dieser Websites (ausschlie\u00dflich Ihre IP-Adresse) wird an einen Server von Google in den USA (bzw. Niederlanden) \u00fcbertragen und dort gespeichert. Google wird diese Informationen benutzen, um die Nutzung der Website auszuwerten, um Reports \u00fcber die Websiteaktivit\u00e4ten f\u00fcr die Websitebetreiber zusammenzustellen und um weitere mit der Websitenutzung und der Internetnutzung verbundenen Dienstleistungen zu erbringen. Auch wird Google diese Informationen ggf. an Dritte \u00fcbertragen, sofern dies gesetzlich vorgeschrieben oder soweit Dritte diese Daten im Auftrag von Google verarbeiten. Sie k\u00f6nnen die Installation der Cookies durch eine entsprechende Einstellung Ihrer Browsersoftware verhindern. Wir weisen Sie jedoch darauf hin, dass Sie in diesem Fall gegebenenfalls nicht s\u00e4mtliche Funktionen dieser Website voll umf\u00e4nglich nutzen k\u00f6nnen. Durch die Nutzung dieser Website erkl\u00e4ren Sie sich mit der Bearbeitung der \u00fcber Sie erhobenen Daten durch Google in der zuvor beschriebenen Art und Weise und zu dem zuvor benannten Zweck einverstanden.<\/p>\n<h3>Externe Links<\/h3>\n<p>Zu Ihrer optimalen Information finden Sie auf unseren Seiten Links zu externen Webseiten Dritter, auf deren Inhalte wir keinen Einfluss haben. Deshalb k\u00f6nnen wir f\u00fcr diese fremden Inhalte auch keine Gew\u00e4hr \u00fcbernehmen. F\u00fcr die Inhalte der verlinkten Seiten ist stets der jeweilige Anbieter oder Betreiber der Seiten verantwortlich. Daher gilt diese Datenschutzerkl\u00e4rung nur f\u00fcr von uns verantwortete Websiten.<\/p>\n<\/div>\n<\/div>\n","protected":false},"excerpt":{"rendered":"<p>Der Schutz und die Sicherheit von pers\u00f6nlichen Daten hat bei uns eine hohe Priorit\u00e4t. Daher halten wir uns strikt an die Regeln des deutschen Bundesdatenschutzgesetzes (BDSG). Nachfolgend werden Sie dar\u00fcber informiert, welche Art von Daten erfasst und zu welchem Zwecke &hellip; <a href=\"https:\/\/www.ig-t3.de\/?page_id=987\">Weiterlesen <span class=\"meta-nav\">&rarr;<\/span><\/a><\/p>\n","protected":false},"author":1,"featured_media":0,"parent":0,"menu_order":0,"comment_status":"closed","ping_status":"closed","template":"","meta":{"footnotes":""},"class_list":["post-987","page","type-page","status-publish","hentry"],"_links":{"self":[{"href":"https:\/\/www.ig-t3.de\/index.php?rest_route=\/wp\/v2\/pages\/987","targetHints":{"allow":["GET"]}}],"collection":[{"href":"https:\/\/www.ig-t3.de\/index.php?rest_route=\/wp\/v2\/pages"}],"about":[{"href":"https:\/\/www.ig-t3.de\/index.php?rest_route=\/wp\/v2\/types\/page"}],"author":[{"embeddable":true,"href":"https:\/\/www.ig-t3.de\/index.php?rest_route=\/wp\/v2\/users\/1"}],"replies":[{"embeddable":true,"href":"https:\/\/www.ig-t3.de\/index.php?rest_route=%2Fwp%2Fv2%2Fcomments&post=987"}],"version-history":[{"count":10,"href":"https:\/\/www.ig-t3.de\/index.php?rest_route=\/wp\/v2\/pages\/987\/revisions"}],"predecessor-version":[{"id":1397,"href":"https:\/\/www.ig-t3.de\/index.php?rest_route=\/wp\/v2\/pages\/987\/revisions\/1397"}],"wp:attachment":[{"href":"https:\/\/www.ig-t3.de\/index.php?rest_route=%2Fwp%2Fv2%2Fmedia&parent=987"}],"curies":[{"name":"wp","href":"https:\/\/api.w.org\/{rel}","templated":true}]}}