{"id":2,"date":"2012-11-16T13:33:09","date_gmt":"2012-11-16T11:33:09","guid":{"rendered":"http:\/\/www.ig-t3.de\/wordpress\/?page_id=2"},"modified":"2024-05-31T11:39:41","modified_gmt":"2024-05-31T09:39:41","slug":"beispiel-seite","status":"publish","type":"page","link":"https:\/\/www.ig-t3.de\/","title":{"rendered":"IG-T3"},"content":{"rendered":"<p><span style=\"color: #000080;\"><strong>Der VW Bus T3<\/strong><\/span><\/p>\n<p>Dieser sympathische Ziegelstein ist der letzte der Typ2-Baureihe, der noch wie das erste, von Ferdinand Porsche entwickelte Modell, dem K\u00e4fer, mit Heckmotor und -antrieb von Volkswagen hergestellt wurde. Zun\u00e4chst als Zwischenl\u00f6sung in den siebziger Jahren entwickelt, verkaufte sich der Bus von 1979 bis 1992 so erfolgreich in den verschiedensten Varianten, dass r\u00fcckblickend nicht mehr\u00a0von einem \u00dcbergangsmodell gesprochen werden kann.<\/p>\n<p>Ob als Kleinbus, Pritsche oder Wohnmobil: Wie auch seine Vorg\u00e4nger fand der T3 in den unterschiedlichsten K\u00e4uferschichten seine Liebhaber. Und viele davon l\u00e4sst dieser eckige Kasten \u00fcberhaupt nicht mehr los, wie zum Beispiel uns, der<\/p>\n<p><span style=\"color: #000080;\"><strong>Interessengemeinschaft T3 <\/strong><\/span><\/p>\n<p>Die IG-T3 ist hervorgegangen aus einer angeregten Forumsdiskussion von einigen VW Bus-Liebhabern \u00fcber ihre geliebten Busse, die sich im Mai 2001 das erste Mal au\u00dferhalb der digitalen Welt trafen. Im Rahmen dieses kleinen Treffens wurde die Idee geboren, mehr f\u00fcr die damals noch kleine T3-Fangemeinde zu tun. So wurde kurzerhand die IG-T3 gegr\u00fcndet.<\/p>\n<p>Mittlerweile ist die IG-T3 in der Bus-Szene eine feste Institution. Sie ist Ansprechpartner f\u00fcr Bullianer, Bulliinteressierte, Ersatzteilh\u00e4ndler, VW-Heritage, VW Classic Parts, Presse und mehr.<\/p>\n<p>Seit unserer Gr\u00fcndung\u00a0 w\u00e4chst unsere Gemeinschaft kontinuierlich. Inzwischen hat sich die anf\u00e4ngliche Mitgliederzahl von sechs Personen auf derzeit etwa 300 gesteigert. Dieser Zulauf ist f\u00fcr uns zugleich eine Best\u00e4tigung und ein Ansporn, die Arbeit der IG-T3 zu intensivieren.<\/p>\n<p>Seit Januar 2024\u00a0 ist die IG-T3, und damit auch alle Mitglieder, Mitglied\u00a0 des Bundesverbands\u00a0Oldtimer-Youngtimer e.V., kurz\u00a0<strong>DEUVET<\/strong>.<\/p>\n<p><span style=\"color: #000080;\"><strong>Unsere Ziele<\/strong><\/span><\/p>\n<p>Die<span style=\"color: #000080;\"> IG-T3<\/span> will f\u00fcr den Erhalt der Fahrzeuge und der Bulli- Gemeinschaft\u00a0 eine gute Grundlage bilden. Deswegen hat sie sich einige Aufgaben auf die Fahne geschrieben:<\/p>\n<ul>\n<li>Unterst\u00fctzung und F\u00f6rderung bei Erhalt bzw. originalgetreuer Restauration von T3-Fahrzeugen<\/li>\n<li>Mithilfe bei Erstellung von Gutachten zur Ermittlung des Fahrzeugwertes und Weitergabe von Gutachten vergleichbarer Fahrzeuge,<\/li>\n<li>weltweite Betreuung und Beratung in allen Fragen rund um den T3,<\/li>\n<li>Vermittlung von Kontakten und Freundschaften der Mitglieder untereinander,<\/li>\n<li>Hilfestellung bei der Ersatzteilbeschaffung,<\/li>\n<li>Ansprechpartner f\u00fcr Herstellerfirmen von Ersatzteilnachfertigungen,<\/li>\n<li>Sammlung von dokumentarischem Material und Informationen, Weitergabe und Ver\u00f6ffentlichung (auch \u00fcber das Internet) an Mitglieder und Interessierte,<\/li>\n<li>Repr\u00e4sentation der T3-Liebhaber gegen\u00fcber Herstellerfirmen und in der \u00d6ffentlichkeit (Messen, Ausstellungen, Oldtimerveranstaltungen etc.),<\/li>\n<li>Veranstaltung von Treffen f\u00fcr Mitglieder und Interessierte, gemeinsame Fahrten zu Treffen anderer Organisationen.<\/li>\n<\/ul>\n<div align=\"justify\">\n<p>Haben wir Euer Interesse geweckt und m\u00f6chtet Ihr gerne der Interessengemeinschaft T3 beitreten, dann erhaltet ihr <a title=\"hier\" href=\"https:\/\/www.ig-t3.de\/?page_id=182\">hier<\/a> alle notwendigen Informationen dazu.<\/p>\n<\/div>\n","protected":false},"excerpt":{"rendered":"<p>Der VW Bus T3 Dieser sympathische Ziegelstein ist der letzte der Typ2-Baureihe, der noch wie das erste, von Ferdinand Porsche entwickelte Modell, dem K\u00e4fer, mit Heckmotor und -antrieb von Volkswagen hergestellt wurde. Zun\u00e4chst als Zwischenl\u00f6sung in den siebziger Jahren entwickelt, &hellip; <a href=\"https:\/\/www.ig-t3.de\/\">Weiterlesen <span class=\"meta-nav\">&rarr;<\/span><\/a><\/p>\n","protected":false},"author":1,"featured_media":0,"parent":0,"menu_order":1,"comment_status":"closed","ping_status":"closed","template":"","meta":{"footnotes":""},"class_list":["post-2","page","type-page","status-publish","hentry"],"_links":{"self":[{"href":"https:\/\/www.ig-t3.de\/index.php?rest_route=\/wp\/v2\/pages\/2","targetHints":{"allow":["GET"]}}],"collection":[{"href":"https:\/\/www.ig-t3.de\/index.php?rest_route=\/wp\/v2\/pages"}],"about":[{"href":"https:\/\/www.ig-t3.de\/index.php?rest_route=\/wp\/v2\/types\/page"}],"author":[{"embeddable":true,"href":"https:\/\/www.ig-t3.de\/index.php?rest_route=\/wp\/v2\/users\/1"}],"replies":[{"embeddable":true,"href":"https:\/\/www.ig-t3.de\/index.php?rest_route=%2Fwp%2Fv2%2Fcomments&post=2"}],"version-history":[{"count":27,"href":"https:\/\/www.ig-t3.de\/index.php?rest_route=\/wp\/v2\/pages\/2\/revisions"}],"predecessor-version":[{"id":1628,"href":"https:\/\/www.ig-t3.de\/index.php?rest_route=\/wp\/v2\/pages\/2\/revisions\/1628"}],"wp:attachment":[{"href":"https:\/\/www.ig-t3.de\/index.php?rest_route=%2Fwp%2Fv2%2Fmedia&parent=2"}],"curies":[{"name":"wp","href":"https:\/\/api.w.org\/{rel}","templated":true}]}}