{"id":1667,"date":"2026-01-15T13:47:44","date_gmt":"2026-01-15T11:47:44","guid":{"rendered":"https:\/\/www.ig-t3.de\/?page_id=1667"},"modified":"2026-04-16T17:08:14","modified_gmt":"2026-04-16T15:08:14","slug":"jahrestreffen-2026","status":"publish","type":"page","link":"https:\/\/www.ig-t3.de\/?page_id=1667","title":{"rendered":"Jahrestreffen 2026"},"content":{"rendered":"\n<p style=\"font-size:16px\">Das 23. Jahrestreffen der IG-T3 findet dieses Jahr vom 13. &#8211; 17.05. im St\u00f6ffelpark statt und wird ausgerichtet von Leo#15 und Zora#43.<\/p>\n\n\n\n<p>Der <a href=\"https:\/\/stoeffelpark.de\/\">St\u00f6ffel-Park<\/a> ist ein Ort der Faszination f\u00fcr Kinder und Erwachsene. Hier kann man Spa\u00df haben, Kunst und Natur-(Geschichte) entdecken und vieles mehr.<\/p>\n\n\n\n<h1 class=\"wp-block-heading\">Adressdaten<\/h1>\n\n\n\n<p>Name:  St\u00f6ffelpark<br>Stra\u00dfe:  St\u00f6ffelstra\u00dfe<br>Ort:        57647 Enspel<br><\/p>\n\n\n\n<h1 class=\"wp-block-heading\">Preise<\/h1>\n\n\n\n<p>Bulli oder sonstiges Fahrzeug:     10\u20ac pro Nacht<\/p>\n\n\n\n<p>Wohnwagen:                                    4\u20ac pro Nacht<\/p>\n\n\n\n<p>Erwachsene:                                     13\u20ac pro Nacht<\/p>\n\n\n\n<p>Kinder:                                               kostenfrei<\/p>\n\n\n\n<p>Strom ist inklusive<\/p>\n\n\n\n<h2 class=\"wp-block-heading has-large-font-size\">Wichtige Informationen zum Treffengel\u00e4nde<\/h2>\n\n\n\n<p>Der St\u00f6ffelpark ist kein Campingplatz. Der Stellplatz ist ein Schotterplatz. Denkt bitte an entsprechendes Werkzeug und sonstige Utensilien zur Befestigung von Markisen, Vorzelten und \u00e4hnlichem.<\/p>\n\n\n\n<p>Stromanschl\u00fcsse stehen zur Verf\u00fcgung.<\/p>\n\n\n\n<p>Der Bierbulli und ein gro\u00dfer Gemeinschaftsgrill sind vor Ort, ebenso Toiletten und Duschen.<br>Des weiteren gibt es einen Br\u00f6tchenservice und einen privaten Teilemarkt.<\/p>\n\n\n\n<p>Ihr erhaltet bei Ankunft Eintrittsb\u00e4ndchen, mit denen Ihr kostenfreien Eintritt zu allen Sehensw\u00fcrdigkeiten des St\u00f6ffelparks erhaltet.<\/p>\n\n\n\n<p>Wer m\u00f6chte, kann das <a href=\"https:\/\/stoeffelpark.de\/stoeffel-park\/stoeffel-park-lecker\/\">Caf\u00e9 Kohleschuppen<\/a> im St\u00f6ffelpark besuchen (Sonn- und Feiertag<br>13 &#8211; 18 Uhr ge\u00f6ffnet). Au\u00dferdem kann man unweit des St\u00f6ffelparks die <a href=\"https:\/\/www.alpenroder-huette.de\/\">Alpenroder H\u00fctte<\/a>, ein Biergarten aufsuchen (ca. 4km).<\/p>\n\n\n\n<h2 class=\"wp-block-heading has-large-font-size\">Programm<\/h2>\n\n\n\n<h3 class=\"wp-block-heading\" style=\"font-size:16px\"><strong>13.05.2026 Mittwoch<\/strong><\/h3>\n\n\n\n<p>Allgemeine Anreise &#8211; Wiedersehen, Neue Gesichter kennenlernen, Alte wiedererkennen<br>Anreise ganzt\u00e4gig und nachts ohne Beschr\u00e4nkung m\u00f6glich.<\/p>\n\n\n\n<p>Abends gemeinsames Grillen und Benzin-\/Dieselgespr\u00e4che am Lagerfeuer. Es gibt einen gro\u00dfen Gemeinschaftsgrill, Grillgut bitte selbst mitbringen.<\/p>\n\n\n\n<h3 class=\"wp-block-heading\" style=\"font-size:16px\"><strong>14.05.2025 Donnerstag<\/strong><\/h3>\n\n\n\n<p>Allgemeine Anreise &#8211; Wiedersehen, Neue Gesichter kennenlernen, Alte wiedererkennenAnreise ganzt\u00e4gig und nachts ohne Beschr\u00e4nkung m\u00f6glich.<\/p>\n\n\n\n<p>Wanderung im und um den St\u00f6ffelpark sowie zum Aussichtsturm &#8211; je nach Wetterlage<\/p>\n\n\n\n<p>Abends wird der Grill wieder angeheizt und das Lagerfeuer ist auch wieder an.<\/p>\n\n\n\n<h3 class=\"wp-block-heading\" style=\"font-size:16px\"><strong>15.05.2025 Freitag<\/strong><\/h3>\n\n\n\n<p>Kleines <a href=\"http:\/\/www.bauerndiplom.de\/cms\/was-ist-das-bauerndiplom...\/index.html\">Westerw\u00e4lder Bauerndiplom<\/a> an der alten Burg Rothenhain (3 km entfernt)<br>Kosten pro Person 20\u20ac inklusive Getr\u00e4nke und personalisiertem Diplom<br>Dauer zwischen 2 und 4 Stunden<\/p>\n\n\n\n<p>ca. 19:30 Uhr Jahreshauptversammlung<\/p>\n\n\n\n<p>anschlie\u00dfend Lagerfeuer<\/p>\n\n\n\n<h3 class=\"wp-block-heading\" style=\"font-size:16px\"><strong>16.05.2025 Samstag<\/strong><\/h3>\n\n\n\n<p>Ausfahrt zum Automuseum <a href=\"https:\/\/www.nationalesautomuseum.de\/de\/\">\u201cThe Loh Collection\u201d<\/a> (Musuemstr. 1, Dietzh\u00f6lztal) mit Bulli-Fotoshooting im Innenhof. Route ca. 60km<br>Eintritt pro Person 10\u20ac inkl. F\u00fchrung<\/p>\n\n\n\n<p><strong>ACHTUNG: Es stehen nur noch wenige Pl\u00e4tze zur Verf\u00fcgung, da wir nur mit einer begrenzten Teilnehmerzahl Eintritt erhalten.<\/strong><\/p>\n\n\n\n<p>Wer hat, bringt gerne sein Walkie-Talkie mit, dann k\u00f6nnen wir unterwegs etwas \u00fcber den Westerwald erz\u00e4hlen und Verlorengegangene wieder einsammeln.<\/p>\n\n\n\n<p>Am Abend Party &#8222;25 Jahre IG-T3&#8220; in der Nissenhalle mit Pokalverleihung in 5 Kategorien:<br>&#8211; weiteste Anreise<br>-j\u00fcngstes Mitglied<br>-\u00e4ltestes Mitglied<br>-T3 mit den wenigstens verbleibenden T\u00dcV-Monaten<br>-\u00e4ltester T3 (Bewertung anhand der Fahrgestellnr.)<\/p>\n\n\n\n<p style=\"font-size:16px;font-style:italic;font-weight:500\">17.05.2025 Sonntag<\/p>\n\n\n\n<p>Ausklang und Abreise<\/p>\n\n\n\n<h1 class=\"wp-block-heading\">Anmeldung<\/h1>\n\n\n\n<div class=\"wp-block-contact-form-7-contact-form-selector\">\n<div class=\"wpcf7 no-js\" id=\"wpcf7-f1673-o1\" lang=\"de-DE\" dir=\"ltr\" data-wpcf7-id=\"1673\">\n<div class=\"screen-reader-response\"><p role=\"status\" aria-live=\"polite\" aria-atomic=\"true\"><\/p> <ul><\/ul><\/div>\n<form action=\"\/index.php?rest_route=%2Fwp%2Fv2%2Fpages%2F1667#wpcf7-f1673-o1\" method=\"post\" class=\"wpcf7-form init\" aria-label=\"Kontaktformular\" novalidate=\"novalidate\" data-status=\"init\">\n<fieldset class=\"hidden-fields-container\"><input type=\"hidden\" name=\"_wpcf7\" value=\"1673\" \/><input type=\"hidden\" name=\"_wpcf7_version\" value=\"6.1.5\" \/><input type=\"hidden\" name=\"_wpcf7_locale\" value=\"de_DE\" \/><input type=\"hidden\" name=\"_wpcf7_unit_tag\" value=\"wpcf7-f1673-o1\" \/><input type=\"hidden\" name=\"_wpcf7_container_post\" value=\"0\" \/><input type=\"hidden\" name=\"_wpcf7_posted_data_hash\" value=\"\" \/><input type=\"hidden\" name=\"_wpcf7_recaptcha_response\" value=\"\" \/>\n<\/fieldset>\n<p>E-Mail-Adresse (Pflichtfeld)<br \/>\n<span class=\"wpcf7-form-control-wrap\" data-name=\"your-email\"><input size=\"40\" maxlength=\"400\" class=\"wpcf7-form-control wpcf7-email wpcf7-validates-as-required wpcf7-text wpcf7-validates-as-email\" aria-required=\"true\" aria-invalid=\"false\" value=\"\" type=\"email\" name=\"your-email\" \/><\/span>\n<\/p>\n<p>Name und Vorname<br \/>\n<span class=\"wpcf7-form-control-wrap\" data-name=\"Name\"><input size=\"40\" maxlength=\"50\" minlength=\"1\" class=\"wpcf7-form-control wpcf7-text\" aria-invalid=\"false\" value=\"\" type=\"text\" name=\"Name\" \/><\/span>\n<\/p>\n<p>Mitgliedsnummer<br \/>\n<span class=\"wpcf7-form-control-wrap\" data-name=\"Mitgliedsnummer\"><input class=\"wpcf7-form-control wpcf7-number wpcf7-validates-as-number\" min=\"1\" max=\"400\" aria-invalid=\"false\" value=\"\" type=\"number\" name=\"Mitgliedsnummer\" \/><\/span>\n<\/p>\n<p>Anreise (Pflichtfeld)<br \/>\n<span class=\"wpcf7-form-control-wrap\" data-name=\"menu-773\"><select class=\"wpcf7-form-control wpcf7-select wpcf7-validates-as-required\" aria-required=\"true\" aria-invalid=\"false\" name=\"menu-773\"><option value=\"\">&#8211; Bitte ausw\u00e4hlen &#8211;<\/option><option value=\"Mi,13.05.2026\">Mi,13.05.2026<\/option><option value=\"Do,14.05.2026\">Do,14.05.2026<\/option><option value=\"Fr,15.05.2026\">Fr,15.05.2026<\/option><option value=\"Sa,16.05.2026\">Sa,16.05.2026<\/option><\/select><\/span>\n<\/p>\n<p>Abreise (Pflichtfeld)<br \/>\n<span class=\"wpcf7-form-control-wrap\" data-name=\"menu-930\"><select class=\"wpcf7-form-control wpcf7-select wpcf7-validates-as-required\" aria-required=\"true\" aria-invalid=\"false\" name=\"menu-930\"><option value=\"\">&#8211; Bitte ausw\u00e4hlen &#8211;<\/option><option value=\"Fr,15.05.2026\">Fr,15.05.2026<\/option><option value=\"Sa,16.05.2026\">Sa,16.05.2026<\/option><option value=\"So,17.05.2026\">So,17.05.2026<\/option><\/select><\/span>\n<\/p>\n<p>Anzahl Fahrzeuge (Pflichtfeld)<br \/>\n<span class=\"wpcf7-form-control-wrap\" data-name=\"fahrzeug\"><select class=\"wpcf7-form-control wpcf7-select wpcf7-validates-as-required\" aria-required=\"true\" aria-invalid=\"false\" name=\"fahrzeug\"><option value=\"\">&#8211; Bitte ausw\u00e4hlen &#8211;<\/option><option value=\"1\">1<\/option><option value=\"2\">2<\/option><option value=\"3\">3<\/option><option value=\"4\">4<\/option><\/select><\/span>\n<\/p>\n<p>Wohnwagen (Pflichtfeld) <span class=\"wpcf7-form-control-wrap\" data-name=\"wohnwagen\"><span class=\"wpcf7-form-control wpcf7-checkbox wpcf7-validates-as-required\"><span class=\"wpcf7-list-item first\"><input type=\"checkbox\" name=\"wohnwagen[]\" value=\"ja\" \/><span class=\"wpcf7-list-item-label\">ja<\/span><\/span><span class=\"wpcf7-list-item last\"><input type=\"checkbox\" name=\"wohnwagen[]\" value=\"nein\" \/><span class=\"wpcf7-list-item-label\">nein<\/span><\/span><\/span><\/span>\n<\/p>\n<p>Anzahl Erwachsene (Pflichtfeld)<br \/>\n<span class=\"wpcf7-form-control-wrap\" data-name=\"Erwachsene\"><select class=\"wpcf7-form-control wpcf7-select wpcf7-validates-as-required\" aria-required=\"true\" aria-invalid=\"false\" name=\"Erwachsene\"><option value=\"\">&#8211; Bitte ausw\u00e4hlen &#8211;<\/option><option value=\"1\">1<\/option><option value=\"2\">2<\/option><option value=\"3\">3<\/option><option value=\"4\">4<\/option><option value=\"5\">5<\/option><\/select><\/span>\n<\/p>\n<p>Teilnahme Ausfahrt zur Loh-Collection mit F\u00fchrung: <span class=\"wpcf7-form-control-wrap\" data-name=\"Loh-Collection\"><span class=\"wpcf7-form-control wpcf7-checkbox wpcf7-validates-as-required\"><span class=\"wpcf7-list-item first\"><input type=\"checkbox\" name=\"Loh-Collection[]\" value=\"ja\" \/><span class=\"wpcf7-list-item-label\">ja<\/span><\/span><span class=\"wpcf7-list-item last\"><input type=\"checkbox\" name=\"Loh-Collection[]\" value=\"nein\" \/><span class=\"wpcf7-list-item-label\">nein<\/span><\/span><\/span><\/span><br \/>\nAnzahl Personen <span class=\"wpcf7-form-control-wrap\" data-name=\"Loh-Co-Anzahl\"><select class=\"wpcf7-form-control wpcf7-select\" aria-invalid=\"false\" name=\"Loh-Co-Anzahl\"><option value=\"\">&#8211; Bitte ausw\u00e4hlen &#8211;<\/option><option value=\"1\">1<\/option><option value=\"2\">2<\/option><option value=\"3\">3<\/option><option value=\"4\">4<\/option><\/select><\/span>\n<\/p>\n<p>Teilnahme Bauerndiplom: <span class=\"wpcf7-form-control-wrap\" data-name=\"Bauerndip\"><span class=\"wpcf7-form-control wpcf7-checkbox wpcf7-validates-as-required\"><span class=\"wpcf7-list-item first\"><input type=\"checkbox\" name=\"Bauerndip[]\" value=\"ja\" \/><span class=\"wpcf7-list-item-label\">ja<\/span><\/span><span class=\"wpcf7-list-item last\"><input type=\"checkbox\" name=\"Bauerndip[]\" value=\"nein\" \/><span class=\"wpcf7-list-item-label\">nein<\/span><\/span><\/span><\/span><br \/>\nAnzahl Personen: <span class=\"wpcf7-form-control-wrap\" data-name=\"anz-bauern\"><select class=\"wpcf7-form-control wpcf7-select\" aria-invalid=\"false\" name=\"anz-bauern\"><option value=\"\">&#8211; Bitte ausw\u00e4hlen &#8211;<\/option><option value=\"1\">1<\/option><option value=\"2\">2<\/option><option value=\"3\">3<\/option><option value=\"4\">4<\/option><\/select><\/span>\n<\/p>\n<p>----------------<br \/>\nzus\u00e4tzliche Informationen\n<\/p>\n<p><span class=\"wpcf7-form-control-wrap\" data-name=\"Nachricht\"><textarea cols=\"40\" rows=\"10\" maxlength=\"2000\" class=\"wpcf7-form-control wpcf7-textarea\" aria-invalid=\"false\" name=\"Nachricht\"><\/textarea><\/span>\n<\/p>\n<p>Nach Abschicken der Anmeldung erh\u00e4lst Du eine automatisierte E-Mail mit Deinen Anmeldedaten. Au\u00dferdem erh\u00e4ltst Du anschlie\u00dfend die Zahlungsinformationen f\u00fcr die Vorab\u00fcberweisung. Bei Zahlung vor Ort werden zus\u00e4tzlich 10% Aufschlag f\u00e4llig.\n<\/p>\n<p>Mit bulligem Gru\u00df<br \/>\nLeo#15 und Zora#43\n<\/p>\n<p>Hiermit stimme ich der Erhebung der Daten gem\u00e4\u00df der <a href=\"\/?page_id=987\/\">Datenschutzerkl\u00e4rung<\/a> zu.<br \/>\nHier H\u00e4kchen setzen <span class=\"wpcf7-form-control-wrap\" data-name=\"acceptance-datenschutz\"><span class=\"wpcf7-form-control wpcf7-acceptance\"><span class=\"wpcf7-list-item\"><input type=\"checkbox\" name=\"acceptance-datenschutz\" value=\"1\" aria-invalid=\"false\" \/><\/span><\/span><\/span>\n<\/p>\n<p><input class=\"wpcf7-form-control wpcf7-submit has-spinner\" type=\"submit\" value=\"Senden\" \/>\n<\/p><p style=\"display: none !important;\" class=\"akismet-fields-container\" data-prefix=\"_wpcf7_ak_\"><label>&#916;<textarea name=\"_wpcf7_ak_hp_textarea\" cols=\"45\" rows=\"8\" maxlength=\"100\"><\/textarea><\/label><input type=\"hidden\" id=\"ak_js_1\" name=\"_wpcf7_ak_js\" value=\"223\"\/><script>document.getElementById( \"ak_js_1\" ).setAttribute( \"value\", ( new Date() ).getTime() );<\/script><\/p><div class=\"wpcf7-response-output\" aria-hidden=\"true\"><\/div>\n<\/form>\n<\/div>\n<\/div>\n\n\n\n<p><\/p>\n","protected":false},"excerpt":{"rendered":"<p>Das 23. Jahrestreffen der IG-T3 findet dieses Jahr vom 13. &#8211; 17.05. im St\u00f6ffelpark statt und wird ausgerichtet von Leo#15 und Zora#43. Der St\u00f6ffel-Park ist ein Ort der Faszination f\u00fcr Kinder und Erwachsene. Hier kann man Spa\u00df haben, Kunst und &hellip; <a href=\"https:\/\/www.ig-t3.de\/?page_id=1667\">Weiterlesen <span class=\"meta-nav\">&rarr;<\/span><\/a><\/p>\n","protected":false},"author":1,"featured_media":0,"parent":59,"menu_order":0,"comment_status":"closed","ping_status":"closed","template":"","meta":{"footnotes":""},"class_list":["post-1667","page","type-page","status-publish","hentry"],"_links":{"self":[{"href":"https:\/\/www.ig-t3.de\/index.php?rest_route=\/wp\/v2\/pages\/1667","targetHints":{"allow":["GET"]}}],"collection":[{"href":"https:\/\/www.ig-t3.de\/index.php?rest_route=\/wp\/v2\/pages"}],"about":[{"href":"https:\/\/www.ig-t3.de\/index.php?rest_route=\/wp\/v2\/types\/page"}],"author":[{"embeddable":true,"href":"https:\/\/www.ig-t3.de\/index.php?rest_route=\/wp\/v2\/users\/1"}],"replies":[{"embeddable":true,"href":"https:\/\/www.ig-t3.de\/index.php?rest_route=%2Fwp%2Fv2%2Fcomments&post=1667"}],"version-history":[{"count":8,"href":"https:\/\/www.ig-t3.de\/index.php?rest_route=\/wp\/v2\/pages\/1667\/revisions"}],"predecessor-version":[{"id":1683,"href":"https:\/\/www.ig-t3.de\/index.php?rest_route=\/wp\/v2\/pages\/1667\/revisions\/1683"}],"up":[{"embeddable":true,"href":"https:\/\/www.ig-t3.de\/index.php?rest_route=\/wp\/v2\/pages\/59"}],"wp:attachment":[{"href":"https:\/\/www.ig-t3.de\/index.php?rest_route=%2Fwp%2Fv2%2Fmedia&parent=1667"}],"curies":[{"name":"wp","href":"https:\/\/api.w.org\/{rel}","templated":true}]}}