{"id":1571,"date":"2024-03-28T21:00:39","date_gmt":"2024-03-28T19:00:39","guid":{"rendered":"https:\/\/www.ig-t3.de\/?page_id=1571"},"modified":"2024-05-16T19:45:19","modified_gmt":"2024-05-16T17:45:19","slug":"jahrestreffen-2024","status":"publish","type":"page","link":"https:\/\/www.ig-t3.de\/?page_id=1571","title":{"rendered":"Jahrestreffen 2024"},"content":{"rendered":"\n<p>Das 21. Jahrestreffen fand in diesem Jahr in K\u00f6ln-D\u00fcnnwald auf dem Campingplatz &#8222;Am Waldbad&#8220; statt.<br>Das Treffen wurde von Thomas#90 und seinen Mitstreitern ausgerichtet.<\/p>\n\n\n\n<p>Teilgenommen haben insgesamt 12 Bullis und 2 Expeditionsmobile.<br><\/p>\n\n\n\n<p class=\"has-medium-font-size\"><strong>Programm<\/strong><\/p>\n\n\n\n<p><em>09.05.2024 Donnerstag<\/em><\/p>\n\n\n\n<p>Himmelfahrtsgaudi mit dem Spiel Bulliklick (eine Adaption des Spiels &#8222;Dalliklick&#8220; von Hans Rosenthal)<\/p>\n\n\n\n<p><em>10.05.2024 Freitag<\/em><\/p>\n\n\n\n<p>Ausflug nach K\u00f6ln in Eigenorganisation. <\/p>\n\n\n\n<p>19:30 Uhr Jahreshauptversammlung<\/p>\n\n\n\n<p><em>11.05.2024 Samstag<\/em><\/p>\n\n\n\n<p>ca. 10 Uhr Ausflug zum Rosengart-Museum in Bedburg-Rath (ca. 43km). Das ist ein Museum f\u00fcr franz\u00f6sische Oldtimer. Weitere Infomartion k\u00f6nnt Ihr \u00fcber die Homepage erhalten: <a href=\"http:\/\/www.rosengart-museum.de\/\" target=\"_blank\" rel=\"noreferrer noopener\">http:\/\/www.rosengart-museum.de\/<\/a><\/p>\n\n\n\n<p>Am sp\u00e4ten Nachmittag eine kleine Runde Boule.<\/p>\n\n\n\n<p><em>12.05.2024 Sonntag<\/em><\/p>\n\n\n\n<p>Abreise<\/p>\n\n\n\n<p class=\"has-medium-font-size\"><\/p>\n","protected":false},"excerpt":{"rendered":"<p>Das 21. Jahrestreffen fand in diesem Jahr in K\u00f6ln-D\u00fcnnwald auf dem Campingplatz &#8222;Am Waldbad&#8220; statt.Das Treffen wurde von Thomas#90 und seinen Mitstreitern ausgerichtet. Teilgenommen haben insgesamt 12 Bullis und 2 Expeditionsmobile. Programm 09.05.2024 Donnerstag Himmelfahrtsgaudi mit dem Spiel Bulliklick (eine &hellip; <a href=\"https:\/\/www.ig-t3.de\/?page_id=1571\">Weiterlesen <span class=\"meta-nav\">&rarr;<\/span><\/a><\/p>\n","protected":false},"author":1,"featured_media":0,"parent":205,"menu_order":1,"comment_status":"closed","ping_status":"closed","template":"","meta":{"footnotes":""},"class_list":["post-1571","page","type-page","status-publish","hentry"],"_links":{"self":[{"href":"https:\/\/www.ig-t3.de\/index.php?rest_route=\/wp\/v2\/pages\/1571","targetHints":{"allow":["GET"]}}],"collection":[{"href":"https:\/\/www.ig-t3.de\/index.php?rest_route=\/wp\/v2\/pages"}],"about":[{"href":"https:\/\/www.ig-t3.de\/index.php?rest_route=\/wp\/v2\/types\/page"}],"author":[{"embeddable":true,"href":"https:\/\/www.ig-t3.de\/index.php?rest_route=\/wp\/v2\/users\/1"}],"replies":[{"embeddable":true,"href":"https:\/\/www.ig-t3.de\/index.php?rest_route=%2Fwp%2Fv2%2Fcomments&post=1571"}],"version-history":[{"count":10,"href":"https:\/\/www.ig-t3.de\/index.php?rest_route=\/wp\/v2\/pages\/1571\/revisions"}],"predecessor-version":[{"id":1615,"href":"https:\/\/www.ig-t3.de\/index.php?rest_route=\/wp\/v2\/pages\/1571\/revisions\/1615"}],"up":[{"embeddable":true,"href":"https:\/\/www.ig-t3.de\/index.php?rest_route=\/wp\/v2\/pages\/205"}],"wp:attachment":[{"href":"https:\/\/www.ig-t3.de\/index.php?rest_route=%2Fwp%2Fv2%2Fmedia&parent=1571"}],"curies":[{"name":"wp","href":"https:\/\/api.w.org\/{rel}","templated":true}]}}