{"id":1457,"date":"2022-03-24T19:53:15","date_gmt":"2022-03-24T17:53:15","guid":{"rendered":"https:\/\/www.ig-t3.de\/?page_id=1457"},"modified":"2024-05-16T19:44:43","modified_gmt":"2024-05-16T17:44:43","slug":"anmeldung-jahrestreffen-2022","status":"publish","type":"page","link":"https:\/\/www.ig-t3.de\/?page_id=1457","title":{"rendered":"Jahrestreffen 2022"},"content":{"rendered":"\n<p>Nach nun mittlerweile 2 Jahren ohne unser Jahrestreffen freuen wir uns um so, hiermit die Anmeldung zum diesj\u00e4hrigen Jahrestreffen zu ver\u00f6ffentlichen.<\/p>\n\n\n\n<p>Das 19. Jahrestreffen wird in diesem Jahr in der N\u00e4he der Lutherstadt Wittenberg auf dem Campingplatz &#8222;Marina Camp&#8220; stattfinden. Das Treffen wird von R\u00fcdi#14, Jane#14 und Thomas#90 ausgerichtet.<\/p>\n\n\n\n<p style=\"font-size:18px\">Adresse und Wegbeschreibung:<\/p>\n\n\n\n<p>Br\u00fcckenkopf 1, 06888 Lutherstadt Wittenberg<br>GPS &#8211; Daten: 51,85604\u00b0N &#8211; 12,64954\u00b0O<\/p>\n\n\n\n<p>Der Campinplatz kann \u00fcber die B2 Richtung Leipzig, direkt an der Elbbr\u00fccke in Wittenberg \u2013 Ausschilderung: Br\u00fcckenkopf &#8211; errreicht werden. Von der Autobahn A9 der Abzweig Coswig . Rechtselbig liegt die Lutherstadt Wittenberg (ca. 2500 m bis zum historischen Stadtkern). <\/p>\n\n\n\n<p style=\"font-size:18px\">Kosten<\/p>\n\n\n\n<p>30,-Euro pro Nacht und Bus inkl. Strom und 2 Personen. <\/p>\n\n\n\n<p><strong>Covid-19-Regelung:<\/strong> 2G (geimpft oder genesen). Au\u00dferdem werden wir f\u00fcr jeden Tests auf freiwilliger Basis zur Verf\u00fcgung stellen.<\/p>\n\n\n\n<p style=\"font-size:18px\">Programm:<\/p>\n\n\n\n<p>25.\/26. Mai 2022 <em>Mittwoch und Donnerstag:<\/em><\/p>\n\n\n\n<p>allgemeine Anreise. ACHTUNG, bitte beachten, dass eine Anreise auf dem Campingplatz nach 22 Uhr nicht mehr m\u00f6glich ist. Solltet Ihr sp\u00e4ter ankommen, bitte Jane oder R\u00fcdi anrufen.<\/p>\n\n\n\n<p>26. Mai 2022 <em>Donnerstag<\/em>:<\/p>\n\n\n\n<p>ab ca. 14 Uhr Himmelfahrtsgaudi &#8211; Spiel und Spa\u00df f\u00fcr alle<\/p>\n\n\n\n<p>27. Mai 2022 <em>Freitag<\/em>:<\/p>\n\n\n\n<p>ab ca. 10:30 Uhr Elbtal-Rundfahrt \u00fcber den Apollensberg, W\u00f6rlitzer Park und Schloss Oranienbaum <\/p>\n\n\n\n<p>ab 19 Uhr Jahreshauptversammlung<\/p>\n\n\n\n<p>28. Mai 2022 <em>Samstag<\/em>:<\/p>\n\n\n\n<p>Ausflus nach Ferropolis <strong>oder <\/strong>Ausflug nach Altje\u00dfnitz zum Irrgarten \/ Labyrinth. Die Mehrheit entscheidet.<\/p>\n\n\n\n<p>Ferropolis liegt ca. 25km entfernt vom Campingplatz. Bei einer Gruppe ab 10 Personen bel\u00e4uft sich der Eintrittspreis auf 4,-Euro pro Person. N\u00e4here Informationen findet Ihr <a rel=\"noreferrer noopener\" href=\"https:\/\/www.ferropolis.de\/de\/cms\/_redaktionell\/1\/Start.html\" data-type=\"URL\" data-id=\"https:\/\/www.ferropolis.de\/de\/cms\/_redaktionell\/1\/Start.html\" target=\"_blank\">hier<\/a>.<\/p>\n\n\n\n<p>Der Irrgarten in Altje\u00dfnitz liegt ca. 40km entfernt vom Campingplatz. Die Eintrittspreise belaufen sich f\u00fcr einen Erwachsenen auf 3,-Euro und f\u00fcr ein Kind ab 6 Jahre auf 1,-Euro. N\u00e4here Informationen findet Ihr <a href=\"https:\/\/irrgarten-altjessnitz.com\/index.html\" data-type=\"URL\" data-id=\"https:\/\/irrgarten-altjessnitz.com\/index.html\" target=\"_blank\" rel=\"noreferrer noopener\">hier<\/a>.<\/p>\n\n\n\n<p><em>29. Mai 2022<\/em> <em>Sonntag<\/em>:<\/p>\n\n\n\n<p>Abreise<\/p>\n\n\n\n<p><\/p>\n\n\n\n<p style=\"font-size:18px\"><\/p>\n\n\n\n<p><\/p>\n","protected":false},"excerpt":{"rendered":"<p>Nach nun mittlerweile 2 Jahren ohne unser Jahrestreffen freuen wir uns um so, hiermit die Anmeldung zum diesj\u00e4hrigen Jahrestreffen zu ver\u00f6ffentlichen. Das 19. Jahrestreffen wird in diesem Jahr in der N\u00e4he der Lutherstadt Wittenberg auf dem Campingplatz &#8222;Marina Camp&#8220; stattfinden. &hellip; <a href=\"https:\/\/www.ig-t3.de\/?page_id=1457\">Weiterlesen <span class=\"meta-nav\">&rarr;<\/span><\/a><\/p>\n","protected":false},"author":1,"featured_media":0,"parent":205,"menu_order":3,"comment_status":"closed","ping_status":"closed","template":"","meta":{"footnotes":""},"class_list":["post-1457","page","type-page","status-publish","hentry"],"_links":{"self":[{"href":"https:\/\/www.ig-t3.de\/index.php?rest_route=\/wp\/v2\/pages\/1457","targetHints":{"allow":["GET"]}}],"collection":[{"href":"https:\/\/www.ig-t3.de\/index.php?rest_route=\/wp\/v2\/pages"}],"about":[{"href":"https:\/\/www.ig-t3.de\/index.php?rest_route=\/wp\/v2\/types\/page"}],"author":[{"embeddable":true,"href":"https:\/\/www.ig-t3.de\/index.php?rest_route=\/wp\/v2\/users\/1"}],"replies":[{"embeddable":true,"href":"https:\/\/www.ig-t3.de\/index.php?rest_route=%2Fwp%2Fv2%2Fcomments&post=1457"}],"version-history":[{"count":12,"href":"https:\/\/www.ig-t3.de\/index.php?rest_route=\/wp\/v2\/pages\/1457\/revisions"}],"predecessor-version":[{"id":1483,"href":"https:\/\/www.ig-t3.de\/index.php?rest_route=\/wp\/v2\/pages\/1457\/revisions\/1483"}],"up":[{"embeddable":true,"href":"https:\/\/www.ig-t3.de\/index.php?rest_route=\/wp\/v2\/pages\/205"}],"wp:attachment":[{"href":"https:\/\/www.ig-t3.de\/index.php?rest_route=%2Fwp%2Fv2%2Fmedia&parent=1457"}],"curies":[{"name":"wp","href":"https:\/\/api.w.org\/{rel}","templated":true}]}}