{"id":1383,"date":"2018-11-26T21:30:40","date_gmt":"2018-11-26T19:30:40","guid":{"rendered":"http:\/\/www.ig-t3.de\/?page_id=1383"},"modified":"2024-05-16T19:44:24","modified_gmt":"2024-05-16T17:44:24","slug":"jahreshaupttreffen-2019","status":"publish","type":"page","link":"https:\/\/www.ig-t3.de\/?page_id=1383","title":{"rendered":"Jahrestreffen 2019"},"content":{"rendered":"<p>Das Jahrestreffen 2019 mit Mitgliederversammlung fand in Coswig auf dem Campingplatz &#8222;Marina Coswig&#8220; vom 29.05. &#8211; 02.06.2019 statt. Ausgerichtet wurde das Treffen von Dieter#49<\/p>\n<h3>Adresse:<\/h3>\n<p>Marina Coswig<br \/>\nElbstra\u00dfe 19, 06869 Coswig (Anhalt)<\/p>\n<p>Erreichbar \u00fcber die A9, B187 und B107.<\/p>\n<h3>Programm:<\/h3>\n<p>Mittwoch und Donnerstag allgemeine Anreise.<\/p>\n<p>Freitag:<br \/>\n10:30 Uhr Ausfahrt zum Junkers-Flugzeug-Museum in Dessau. Beginn der F\u00fchrung 11:30 Uhr. Museumsanschrift: K\u00fchnauerstr. 161a, 06846 Dessau<\/p>\n<p>15:00 Uhr Bullirennen &#8222;1000-Zoll-Meile&#8220;. Gesucht wird der geschickteste und schnellste Bullifahrer.<\/p>\n<p>19:00 Uhr Jahreshauptsversammlung<\/p>\n<p>Samstag:<br \/>\nFreie Gestaltungsm\u00f6glichkeiten f\u00fcr alle Teilnehmer. M\u00f6gliche Ziele: Radtouren auf dem Elbradweg nach W\u00f6rlitz, Dessau oder Wittenberg. Kanufahrt auf der Elbe.<br \/>\nAbends Lagerfeuer (in Abh\u00e4ngigkeit zum Wetter und der Waldbrandstufe)<\/p>\n<p>Sonntag:<br \/>\nAbreise<\/p>\n<h3><\/h3>\n","protected":false},"excerpt":{"rendered":"<p>Das Jahrestreffen 2019 mit Mitgliederversammlung fand in Coswig auf dem Campingplatz &#8222;Marina Coswig&#8220; vom 29.05. &#8211; 02.06.2019 statt. Ausgerichtet wurde das Treffen von Dieter#49 Adresse: Marina Coswig Elbstra\u00dfe 19, 06869 Coswig (Anhalt) Erreichbar \u00fcber die A9, B187 und B107. Programm: &hellip; <a href=\"https:\/\/www.ig-t3.de\/?page_id=1383\">Weiterlesen <span class=\"meta-nav\">&rarr;<\/span><\/a><\/p>\n","protected":false},"author":1,"featured_media":0,"parent":205,"menu_order":4,"comment_status":"closed","ping_status":"closed","template":"","meta":{"footnotes":""},"class_list":["post-1383","page","type-page","status-publish","hentry"],"_links":{"self":[{"href":"https:\/\/www.ig-t3.de\/index.php?rest_route=\/wp\/v2\/pages\/1383","targetHints":{"allow":["GET"]}}],"collection":[{"href":"https:\/\/www.ig-t3.de\/index.php?rest_route=\/wp\/v2\/pages"}],"about":[{"href":"https:\/\/www.ig-t3.de\/index.php?rest_route=\/wp\/v2\/types\/page"}],"author":[{"embeddable":true,"href":"https:\/\/www.ig-t3.de\/index.php?rest_route=\/wp\/v2\/users\/1"}],"replies":[{"embeddable":true,"href":"https:\/\/www.ig-t3.de\/index.php?rest_route=%2Fwp%2Fv2%2Fcomments&post=1383"}],"version-history":[{"count":9,"href":"https:\/\/www.ig-t3.de\/index.php?rest_route=\/wp\/v2\/pages\/1383\/revisions"}],"predecessor-version":[{"id":1503,"href":"https:\/\/www.ig-t3.de\/index.php?rest_route=\/wp\/v2\/pages\/1383\/revisions\/1503"}],"up":[{"embeddable":true,"href":"https:\/\/www.ig-t3.de\/index.php?rest_route=\/wp\/v2\/pages\/205"}],"wp:attachment":[{"href":"https:\/\/www.ig-t3.de\/index.php?rest_route=%2Fwp%2Fv2%2Fmedia&parent=1383"}],"curies":[{"name":"wp","href":"https:\/\/api.w.org\/{rel}","templated":true}]}}